{"id":3586,"date":"2025-12-03T23:10:58","date_gmt":"2025-12-03T23:10:58","guid":{"rendered":"https:\/\/host124752.xce.pl\/wyspa\/?page_id=3586"},"modified":"2025-12-03T23:10:58","modified_gmt":"2025-12-03T23:10:58","slug":"siec-sklepow-z-zabawkami-duet","status":"publish","type":"page","link":"https:\/\/ewyspiarz.info\/ogloszenia\/siec-sklepow-z-zabawkami-duet\/","title":{"rendered":"Sie\u0107 sklep\u00f3w z zabawkami \u201eDuet\u201d"},"content":{"rendered":"<p><span style=\"color: #3366ff;\"><strong>Duet<\/strong><\/span>. Sklep z zabawkami to sklep z zabawkami zlokalizowany w \u015awinouj\u015bciu, znany z szerokiego wyboru zabawek dla dzieci w wieku od 3 do 60 lat. Sklep szczyci si\u0119 d\u0142ugoletni\u0105 tradycj\u0105 i oferuje r\u00f3\u017cnorodne produkty, w tym wiele trudno dost\u0119pnych zestaw\u00f3w LEGO. Klienci doceniaj\u0105 kompetentny personel, kt\u00f3ry pomaga w wyborze odpowiednich zabawek, zapewniaj\u0105c przyjemne zakupy.<\/p>\n<p><img loading=\"lazy\" decoding=\"async\" class=\"aligncenter size-large wp-image-3936\" src=\"https:\/\/ewyspiarz.info\/ogloszenia\/wp-content\/uploads\/2025\/07\/a1-4-2-mp4-image-1.jpgwp-content\/uploads\/2025\/12\/2023-04-07-1024x768.jpg\" alt=\"\" width=\"618\" height=\"464\" \/><\/p>\n<p>&nbsp;<\/p>\n<p>Klienci chwal\u0105 szeroki asortyment produkt\u00f3w dost\u0119pnych w Duet, zwracaj\u0105c szczeg\u00f3ln\u0105 uwag\u0119 na unikalne zestawy LEGO, kt\u00f3re trudno znale\u017a\u0107 gdzie indziej.<br \/>\nW ofercie znajd\u0105 Pa\u0144stwo r\u00f3wnie\u017c zabawki renomowanych marek, takie jak klocki LEGO oraz Playmobil, puzzle TREFL, CLEMENTONI oraz lalki Barbie od Mattel ,lalki i akcesoria Cry Babies, a dla najm\u0142odszych ju\u017c od narodzin posiadamy produkty Fisher Price, Clementoni ,DUMEL oraz wiele innych firm.<\/p>\n<p>Zapraszamy do zakup\u00f3w za po\u015brednictwem strony sklepu internetowego ( <span style=\"color: #ff0000;\"><strong><a style=\"color: #ff0000;\" href=\"https:\/\/duet-zabawki.pl\/\">tutaj<\/a><\/strong><\/span> ), a tak\u017ce do naszych sklep\u00f3w stacjonarnych w \u015awinouj\u015bciu:<\/p>\n<p><strong>DUET<\/strong> ul. Konstytucji 3 Maja 15<br \/>\n<strong>DUET 2<\/strong> Pasa\u017c \u017beglarska, ul. Bohater\u00f3w Wrze\u015bnia 83<br \/>\n<strong>Tygrysek<\/strong> ul. Bohater\u00f3w Wrze\u015bnia 11a<br \/>\n<strong>Galeria Promenada<\/strong>, ul. \u017beromskiego 79<\/p>\n<p><a href=\"https:\/\/duet-zabawki.pl\/\"><img loading=\"lazy\" decoding=\"async\" class=\"alignleft size-full wp-image-5179\" src=\"https:\/\/ewyspiarz.info\/ogloszenia\/wp-content\/uploads\/2026\/03\/duet_zabawki.jpg\" alt=\"\" width=\"706\" height=\"500\" \/><\/a><\/p>\n","protected":false},"excerpt":{"rendered":"<p>Duet. Sklep z zabawkami to sklep z zabawkami zlokalizowany w \u015awinouj\u015bciu, znany z szerokiego wyboru zabawek dla dzieci w wieku od 3 do 60 lat. Sklep szczyci si\u0119 d\u0142ugoletni\u0105 tradycj\u0105 i oferuje r\u00f3\u017cnorodne produkty, w tym wiele trudno dost\u0119pnych zestaw\u00f3w LEGO. Klienci doceniaj\u0105 kompetentny personel, kt\u00f3ry pomaga w wyborze odpowiednich zabawek, zapewniaj\u0105c przyjemne zakupy. &nbsp; [&hellip;]<\/p>\n","protected":false},"author":1,"featured_media":0,"parent":0,"menu_order":0,"comment_status":"closed","ping_status":"closed","template":"","meta":{"footnotes":""},"class_list":["post-3586","page","type-page","status-publish","hentry"],"_links":{"self":[{"href":"https:\/\/ewyspiarz.info\/ogloszenia\/wp-json\/wp\/v2\/pages\/3586","targetHints":{"allow":["GET"]}}],"collection":[{"href":"https:\/\/ewyspiarz.info\/ogloszenia\/wp-json\/wp\/v2\/pages"}],"about":[{"href":"https:\/\/ewyspiarz.info\/ogloszenia\/wp-json\/wp\/v2\/types\/page"}],"author":[{"embeddable":true,"href":"https:\/\/ewyspiarz.info\/ogloszenia\/wp-json\/wp\/v2\/users\/1"}],"replies":[{"embeddable":true,"href":"https:\/\/ewyspiarz.info\/ogloszenia\/wp-json\/wp\/v2\/comments?post=3586"}],"version-history":[{"count":0,"href":"https:\/\/ewyspiarz.info\/ogloszenia\/wp-json\/wp\/v2\/pages\/3586\/revisions"}],"wp:attachment":[{"href":"https:\/\/ewyspiarz.info\/ogloszenia\/wp-json\/wp\/v2\/media?parent=3586"}],"curies":[{"name":"wp","href":"https:\/\/api.w.org\/{rel}","templated":true}]}}