{"id":1974,"date":"2025-04-04T20:06:32","date_gmt":"2025-04-04T18:06:32","guid":{"rendered":"https:\/\/ewyspiarz.info\/tiehome\/"},"modified":"2026-02-25T20:50:52","modified_gmt":"2026-02-25T19:50:52","slug":"tiehome","status":"publish","type":"page","link":"https:\/\/ewyspiarz.info\/wyspiarz\/","title":{"rendered":"\u015awinouj\u015bcie"},"content":{"rendered":"<style>.fb_iframe_widget span{width:460px !important;} .fb_iframe_widget iframe {margin: 0 !important;}        .fb_edge_comment_widget { display: none !important; }<\/style><div style=\"width:100%; text-align:left\"><div class=\"fb-like\" style=\"width:265px; overflow: hidden !important; \" data-href=\"https:\/\/ewyspiarz.info\/wyspiarz\/\" data-size=\"small\" data-colorscheme=\"light\" data-width=\"265\" data-layout=\"box_count\" data-action=\"like\" data-show-faces=\"true\" data-share=\"true\" kid_directed_site=\"false\"><\/div><\/div>","protected":false},"excerpt":{"rendered":"","protected":false},"author":2,"featured_media":0,"parent":0,"menu_order":0,"comment_status":"closed","ping_status":"closed","template":"","meta":{"footnotes":""},"class_list":["post-1974","page","type-page","status-publish",""],"yoast_head":"<!-- This site is optimized with the Yoast SEO plugin v26.4 - https:\/\/yoast.com\/wordpress\/plugins\/seo\/ -->\n<title>\u015awinouj\u015bcie - \u015awinouj\u015bcie<\/title>\n<meta name=\"robots\" content=\"index, follow, max-snippet:-1, max-image-preview:large, max-video-preview:-1\" \/>\n<link rel=\"canonical\" href=\"https:\/\/ewyspiarz.info\/wyspiarz\/\" \/>\n<meta property=\"og:locale\" content=\"pl_PL\" \/>\n<meta property=\"og:type\" content=\"article\" \/>\n<meta property=\"og:title\" content=\"\u015awinouj\u015bcie - \u015awinouj\u015bcie\" \/>\n<meta property=\"og:url\" content=\"https:\/\/ewyspiarz.info\/wyspiarz\/\" \/>\n<meta property=\"og:site_name\" content=\"\u015awinouj\u015bcie\" \/>\n<meta property=\"article:modified_time\" content=\"2026-02-25T19:50:52+00:00\" \/>\n<meta name=\"twitter:card\" content=\"summary_large_image\" \/>\n<script type=\"application\/ld+json\" class=\"yoast-schema-graph\">{\"@context\":\"https:\/\/schema.org\",\"@graph\":[{\"@type\":\"WebPage\",\"@id\":\"https:\/\/ewyspiarz.info\/wyspiarz\/\",\"url\":\"https:\/\/ewyspiarz.info\/wyspiarz\/\",\"name\":\"\u015awinouj\u015bcie - \u015awinouj\u015bcie\",\"isPartOf\":{\"@id\":\"https:\/\/ewyspiarz.info\/wyspiarz\/#website\"},\"datePublished\":\"2025-04-04T18:06:32+00:00\",\"dateModified\":\"2026-02-25T19:50:52+00:00\",\"breadcrumb\":{\"@id\":\"https:\/\/ewyspiarz.info\/wyspiarz\/#breadcrumb\"},\"inLanguage\":\"pl-PL\",\"potentialAction\":[{\"@type\":\"ReadAction\",\"target\":[\"https:\/\/ewyspiarz.info\/wyspiarz\/\"]}]},{\"@type\":\"BreadcrumbList\",\"@id\":\"https:\/\/ewyspiarz.info\/wyspiarz\/#breadcrumb\",\"itemListElement\":[{\"@type\":\"ListItem\",\"position\":1,\"name\":\"Strona g\u0142\u00f3wna\",\"item\":\"https:\/\/ewyspiarz.info\/wyspiarz\/\"},{\"@type\":\"ListItem\",\"position\":2,\"name\":\"\u015awinouj\u015bcie\"}]},{\"@type\":\"WebSite\",\"@id\":\"https:\/\/ewyspiarz.info\/wyspiarz\/#website\",\"url\":\"https:\/\/ewyspiarz.info\/wyspiarz\/\",\"name\":\"Nad Morzem\",\"description\":\"wiadomo\u015bci ze \u015awinouj\u015bcia i okolic, relacje z wa\u017cnych wydarze\u0144. Przewodnik po kulturze, rozrywce, biznesie i inwestycjach\",\"publisher\":{\"@id\":\"https:\/\/ewyspiarz.info\/wyspiarz\/#\/schema\/person\/8f80dfe4bf6d9947430d1a06740348a6\"},\"potentialAction\":[{\"@type\":\"SearchAction\",\"target\":{\"@type\":\"EntryPoint\",\"urlTemplate\":\"https:\/\/ewyspiarz.info\/wyspiarz\/?s={search_term_string}\"},\"query-input\":{\"@type\":\"PropertyValueSpecification\",\"valueRequired\":true,\"valueName\":\"search_term_string\"}}],\"inLanguage\":\"pl-PL\"},{\"@type\":[\"Person\",\"Organization\"],\"@id\":\"https:\/\/ewyspiarz.info\/wyspiarz\/#\/schema\/person\/8f80dfe4bf6d9947430d1a06740348a6\",\"name\":\"ewyspiarz\",\"image\":{\"@type\":\"ImageObject\",\"inLanguage\":\"pl-PL\",\"@id\":\"https:\/\/ewyspiarz.info\/wyspiarz\/#\/schema\/person\/image\/\",\"url\":\"https:\/\/secure.gravatar.com\/avatar\/0e5a0648253f6eea6a2ad5fe5ce6392bba66eabb397d265ba4f32eaf7d4228fe?s=96&d=mm&r=g\",\"contentUrl\":\"https:\/\/secure.gravatar.com\/avatar\/0e5a0648253f6eea6a2ad5fe5ce6392bba66eabb397d265ba4f32eaf7d4228fe?s=96&d=mm&r=g\",\"caption\":\"ewyspiarz\"},\"logo\":{\"@id\":\"https:\/\/ewyspiarz.info\/wyspiarz\/#\/schema\/person\/image\/\"}}]}<\/script>\n<!-- \/ Yoast SEO plugin. -->","yoast_head_json":{"title":"\u015awinouj\u015bcie - \u015awinouj\u015bcie","robots":{"index":"index","follow":"follow","max-snippet":"max-snippet:-1","max-image-preview":"max-image-preview:large","max-video-preview":"max-video-preview:-1"},"canonical":"https:\/\/ewyspiarz.info\/wyspiarz\/","og_locale":"pl_PL","og_type":"article","og_title":"\u015awinouj\u015bcie - \u015awinouj\u015bcie","og_url":"https:\/\/ewyspiarz.info\/wyspiarz\/","og_site_name":"\u015awinouj\u015bcie","article_modified_time":"2026-02-25T19:50:52+00:00","twitter_card":"summary_large_image","schema":{"@context":"https:\/\/schema.org","@graph":[{"@type":"WebPage","@id":"https:\/\/ewyspiarz.info\/wyspiarz\/","url":"https:\/\/ewyspiarz.info\/wyspiarz\/","name":"\u015awinouj\u015bcie - \u015awinouj\u015bcie","isPartOf":{"@id":"https:\/\/ewyspiarz.info\/wyspiarz\/#website"},"datePublished":"2025-04-04T18:06:32+00:00","dateModified":"2026-02-25T19:50:52+00:00","breadcrumb":{"@id":"https:\/\/ewyspiarz.info\/wyspiarz\/#breadcrumb"},"inLanguage":"pl-PL","potentialAction":[{"@type":"ReadAction","target":["https:\/\/ewyspiarz.info\/wyspiarz\/"]}]},{"@type":"BreadcrumbList","@id":"https:\/\/ewyspiarz.info\/wyspiarz\/#breadcrumb","itemListElement":[{"@type":"ListItem","position":1,"name":"Strona g\u0142\u00f3wna","item":"https:\/\/ewyspiarz.info\/wyspiarz\/"},{"@type":"ListItem","position":2,"name":"\u015awinouj\u015bcie"}]},{"@type":"WebSite","@id":"https:\/\/ewyspiarz.info\/wyspiarz\/#website","url":"https:\/\/ewyspiarz.info\/wyspiarz\/","name":"Nad Morzem","description":"wiadomo\u015bci ze \u015awinouj\u015bcia i okolic, relacje z wa\u017cnych wydarze\u0144. Przewodnik po kulturze, rozrywce, biznesie i inwestycjach","publisher":{"@id":"https:\/\/ewyspiarz.info\/wyspiarz\/#\/schema\/person\/8f80dfe4bf6d9947430d1a06740348a6"},"potentialAction":[{"@type":"SearchAction","target":{"@type":"EntryPoint","urlTemplate":"https:\/\/ewyspiarz.info\/wyspiarz\/?s={search_term_string}"},"query-input":{"@type":"PropertyValueSpecification","valueRequired":true,"valueName":"search_term_string"}}],"inLanguage":"pl-PL"},{"@type":["Person","Organization"],"@id":"https:\/\/ewyspiarz.info\/wyspiarz\/#\/schema\/person\/8f80dfe4bf6d9947430d1a06740348a6","name":"ewyspiarz","image":{"@type":"ImageObject","inLanguage":"pl-PL","@id":"https:\/\/ewyspiarz.info\/wyspiarz\/#\/schema\/person\/image\/","url":"https:\/\/secure.gravatar.com\/avatar\/0e5a0648253f6eea6a2ad5fe5ce6392bba66eabb397d265ba4f32eaf7d4228fe?s=96&d=mm&r=g","contentUrl":"https:\/\/secure.gravatar.com\/avatar\/0e5a0648253f6eea6a2ad5fe5ce6392bba66eabb397d265ba4f32eaf7d4228fe?s=96&d=mm&r=g","caption":"ewyspiarz"},"logo":{"@id":"https:\/\/ewyspiarz.info\/wyspiarz\/#\/schema\/person\/image\/"}}]}},"_links":{"self":[{"href":"https:\/\/ewyspiarz.info\/wyspiarz\/wp-json\/wp\/v2\/pages\/1974","targetHints":{"allow":["GET"]}}],"collection":[{"href":"https:\/\/ewyspiarz.info\/wyspiarz\/wp-json\/wp\/v2\/pages"}],"about":[{"href":"https:\/\/ewyspiarz.info\/wyspiarz\/wp-json\/wp\/v2\/types\/page"}],"author":[{"embeddable":true,"href":"https:\/\/ewyspiarz.info\/wyspiarz\/wp-json\/wp\/v2\/users\/2"}],"replies":[{"embeddable":true,"href":"https:\/\/ewyspiarz.info\/wyspiarz\/wp-json\/wp\/v2\/comments?post=1974"}],"version-history":[{"count":1,"href":"https:\/\/ewyspiarz.info\/wyspiarz\/wp-json\/wp\/v2\/pages\/1974\/revisions"}],"predecessor-version":[{"id":1976,"href":"https:\/\/ewyspiarz.info\/wyspiarz\/wp-json\/wp\/v2\/pages\/1974\/revisions\/1976"}],"wp:attachment":[{"href":"https:\/\/ewyspiarz.info\/wyspiarz\/wp-json\/wp\/v2\/media?parent=1974"}],"curies":[{"name":"wp","href":"https:\/\/api.w.org\/{rel}","templated":true}]}}